{"id":2058,"date":"2024-01-03T16:48:54","date_gmt":"2024-01-03T16:48:54","guid":{"rendered":"https:\/\/www.itcnuts.com\/tr\/?page_id=2058"},"modified":"2024-01-03T16:55:10","modified_gmt":"2024-01-03T16:55:10","slug":"antep-fistigi-toptan-satis","status":"publish","type":"page","link":"https:\/\/www.itcnuts.com\/tr\/antep-fistigi-toptan-satis\/","title":{"rendered":"Antep F\u0131st\u0131\u011f\u0131 Toptan Sat\u0131\u015f"},"content":{"rendered":"\n<figure class=\"wp-block-image aligncenter size-full\"><img loading=\"lazy\" decoding=\"async\" width=\"800\" height=\"400\" src=\"http:\/\/www.itcnuts.com\/tr\/wp-content\/uploads\/2024\/01\/antep-fistigi-ceviz-badem-incir-kayisi-uzum-cekirdek.jpg\" alt=\"antep f\u0131st\u0131\u011f\u0131, ceviz, badem, incir, kay\u0131s\u0131, \u00fcz\u00fcm, \u00e7ekirdek\" class=\"wp-image-2061\" srcset=\"https:\/\/www.itcnuts.com\/tr\/wp-content\/uploads\/2024\/01\/antep-fistigi-ceviz-badem-incir-kayisi-uzum-cekirdek.jpg 800w, https:\/\/www.itcnuts.com\/tr\/wp-content\/uploads\/2024\/01\/antep-fistigi-ceviz-badem-incir-kayisi-uzum-cekirdek-300x150.jpg 300w, https:\/\/www.itcnuts.com\/tr\/wp-content\/uploads\/2024\/01\/antep-fistigi-ceviz-badem-incir-kayisi-uzum-cekirdek-768x384.jpg 768w\" sizes=\"auto, (max-width: 800px) 100vw, 800px\" \/><figcaption class=\"wp-element-caption\">Antep F\u0131st\u0131\u011f\u0131, Ceviz, Badem, incir, Kay\u0131s\u0131, \u00fcz\u00fcm, <br>\u00e7ekirdek<\/figcaption><\/figure>\n\n\n\n<figure class=\"wp-block-image aligncenter size-full is-resized\"><img loading=\"lazy\" decoding=\"async\" width=\"1024\" height=\"768\" src=\"http:\/\/www.itcnuts.com\/tr\/wp-content\/uploads\/2024\/01\/antep-fistigi-1024-768.jpg\" alt=\"Kavrulmu\u015f Antep F\u0131st\u0131\u011f\u0131 toptan Sat\u0131\u015f\" class=\"wp-image-2063\" style=\"width:558px;height:auto\" srcset=\"https:\/\/www.itcnuts.com\/tr\/wp-content\/uploads\/2024\/01\/antep-fistigi-1024-768.jpg 1024w, https:\/\/www.itcnuts.com\/tr\/wp-content\/uploads\/2024\/01\/antep-fistigi-1024-768-300x225.jpg 300w, https:\/\/www.itcnuts.com\/tr\/wp-content\/uploads\/2024\/01\/antep-fistigi-1024-768-768x576.jpg 768w\" sizes=\"auto, (max-width: 1024px) 100vw, 1024px\" \/><figcaption class=\"wp-element-caption\">Kavrulmu\u015f Antep F\u0131st\u0131\u011f\u0131 toptan Sat\u0131\u015f<\/figcaption><\/figure>\n\n\n\n<p style=\"font-size:20px\"><strong>KAVRULMU\u015e ANTEP FISTI\u011eI TOPTAN SATI\u015e F\u0130YATLARI \u0130\u00c7\u0130N L\u00dcTFEN B\u0130Z\u0130 ARAYIN<\/strong><\/p>\n\n\n\n<p style=\"font-size:24px\"><strong>WHATSAPP: +90 533 2460404<\/strong><\/p>\n","protected":false},"excerpt":{"rendered":"<p>KAVRULMU\u015e ANTEP FISTI\u011eI TOPTAN SATI\u015e F\u0130YATLARI \u0130\u00c7\u0130N L\u00dcTFEN B\u0130Z\u0130 ARAYIN WHATSAPP: +90 533 2460404<\/p>\n","protected":false},"author":1,"featured_media":0,"parent":0,"menu_order":0,"comment_status":"closed","ping_status":"closed","template":"","meta":{"om_disable_all_campaigns":false,"_monsterinsights_skip_tracking":false,"_monsterinsights_sitenote_active":false,"_monsterinsights_sitenote_note":"","_monsterinsights_sitenote_category":0,"_uf_show_specific_survey":0,"_uf_disable_surveys":false,"site-sidebar-layout":"default","site-content-layout":"","ast-site-content-layout":"default","site-content-style":"default","site-sidebar-style":"default","ast-global-header-display":"","ast-banner-title-visibility":"","ast-main-header-display":"","ast-hfb-above-header-display":"","ast-hfb-below-header-display":"","ast-hfb-mobile-header-display":"","site-post-title":"","ast-breadcrumbs-content":"","ast-featured-img":"","footer-sml-layout":"","theme-transparent-header-meta":"","adv-header-id-meta":"","stick-header-meta":"","header-above-stick-meta":"","header-main-stick-meta":"","header-below-stick-meta":"","astra-migrate-meta-layouts":"set","ast-page-background-enabled":"default","ast-page-background-meta":{"desktop":{"background-color":"var(--ast-global-color-4)","background-image":"","background-repeat":"repeat","background-position":"center center","background-size":"auto","background-attachment":"scroll","background-type":"","background-media":"","overlay-type":"","overlay-color":"","overlay-opacity":"","overlay-gradient":""},"tablet":{"background-color":"","background-image":"","background-repeat":"repeat","background-position":"center center","background-size":"auto","background-attachment":"scroll","background-type":"","background-media":"","overlay-type":"","overlay-color":"","overlay-opacity":"","overlay-gradient":""},"mobile":{"background-color":"","background-image":"","background-repeat":"repeat","background-position":"center center","background-size":"auto","background-attachment":"scroll","background-type":"","background-media":"","overlay-type":"","overlay-color":"","overlay-opacity":"","overlay-gradient":""}},"ast-content-background-meta":{"desktop":{"background-color":"var(--ast-global-color-5)","background-image":"","background-repeat":"repeat","background-position":"center center","background-size":"auto","background-attachment":"scroll","background-type":"","background-media":"","overlay-type":"","overlay-color":"","overlay-opacity":"","overlay-gradient":""},"tablet":{"background-color":"var(--ast-global-color-5)","background-image":"","background-repeat":"repeat","background-position":"center center","background-size":"auto","background-attachment":"scroll","background-type":"","background-media":"","overlay-type":"","overlay-color":"","overlay-opacity":"","overlay-gradient":""},"mobile":{"background-color":"var(--ast-global-color-5)","background-image":"","background-repeat":"repeat","background-position":"center center","background-size":"auto","background-attachment":"scroll","background-type":"","background-media":"","overlay-type":"","overlay-color":"","overlay-opacity":"","overlay-gradient":""}},"footnotes":""},"class_list":["post-2058","page","type-page","status-publish","hentry"],"_links":{"self":[{"href":"https:\/\/www.itcnuts.com\/tr\/wp-json\/wp\/v2\/pages\/2058","targetHints":{"allow":["GET"]}}],"collection":[{"href":"https:\/\/www.itcnuts.com\/tr\/wp-json\/wp\/v2\/pages"}],"about":[{"href":"https:\/\/www.itcnuts.com\/tr\/wp-json\/wp\/v2\/types\/page"}],"author":[{"embeddable":true,"href":"https:\/\/www.itcnuts.com\/tr\/wp-json\/wp\/v2\/users\/1"}],"replies":[{"embeddable":true,"href":"https:\/\/www.itcnuts.com\/tr\/wp-json\/wp\/v2\/comments?post=2058"}],"version-history":[{"count":5,"href":"https:\/\/www.itcnuts.com\/tr\/wp-json\/wp\/v2\/pages\/2058\/revisions"}],"predecessor-version":[{"id":2068,"href":"https:\/\/www.itcnuts.com\/tr\/wp-json\/wp\/v2\/pages\/2058\/revisions\/2068"}],"wp:attachment":[{"href":"https:\/\/www.itcnuts.com\/tr\/wp-json\/wp\/v2\/media?parent=2058"}],"curies":[{"name":"wp","href":"https:\/\/api.w.org\/{rel}","templated":true}]}}